{"id":3152,"date":"2025-03-26T09:10:33","date_gmt":"2025-03-26T09:10:33","guid":{"rendered":"https:\/\/webnova.logistik-re.net\/marques\/"},"modified":"2025-05-23T10:02:29","modified_gmt":"2025-05-23T10:02:29","slug":"marques","status":"publish","type":"page","link":"https:\/\/logistik.com.es\/ca\/marques\/","title":{"rendered":"Marques"},"content":{"rendered":"<p><div class=\"fusion-fullwidth fullwidth-box fusion-builder-row-1 fusion-flex-container has-pattern-background has-mask-background fusion-parallax-none nonhundred-percent-fullwidth non-hundred-percent-height-scrolling lazyload\" style=\"--awb-border-radius-top-left:0px;--awb-border-radius-top-right:0px;--awb-border-radius-bottom-right:0px;--awb-border-radius-bottom-left:0px;--awb-padding-top:60px;--awb-margin-top:0px;--awb-background-color:var(--awb-custom_color_3);--awb-background-image:linear-gradient(90deg, rgba(0,0,0,0.6) 0%,rgba(255,255,255,0) 62%);;--awb-background-size:cover;--awb-flex-wrap:wrap;\" data-bg=\"https:\/\/webnova.logistik-re.net\/wp-content\/uploads\/2025\/03\/almacen.jpg\" data-bg-gradient=\"linear-gradient(90deg, rgba(0,0,0,0.6) 0%,rgba(255,255,255,0) 62%)\" ><div class=\"fusion-builder-row fusion-row fusion-flex-align-items-flex-start fusion-flex-content-wrap\" style=\"max-width:1248px;margin-left: calc(-4% \/ 2 );margin-right: calc(-4% \/ 2 );\"><div class=\"fusion-layout-column fusion_builder_column fusion-builder-column-0 fusion_builder_column_1_2 1_2 fusion-flex-column fusion-flex-align-self-center\" style=\"--awb-bg-size:cover;--awb-width-large:50%;--awb-margin-top-large:0px;--awb-spacing-right-large:3.84%;--awb-margin-bottom-large:121px;--awb-spacing-left-large:3.84%;--awb-width-medium:50%;--awb-order-medium:0;--awb-spacing-right-medium:3.84%;--awb-spacing-left-medium:3.84%;--awb-width-small:100%;--awb-order-small:0;--awb-spacing-right-small:1.92%;--awb-margin-bottom-small:68px;--awb-spacing-left-small:1.92%;\"><div class=\"fusion-column-wrapper fusion-column-has-shadow fusion-flex-justify-content-flex-start fusion-content-layout-column\"><div class=\"fusion-image-element \" style=\"text-align:left;--awb-caption-title-font-family:var(--h2_typography-font-family);--awb-caption-title-font-weight:var(--h2_typography-font-weight);--awb-caption-title-font-style:var(--h2_typography-font-style);--awb-caption-title-size:var(--h2_typography-font-size);--awb-caption-title-transform:var(--h2_typography-text-transform);--awb-caption-title-line-height:var(--h2_typography-line-height);--awb-caption-title-letter-spacing:var(--h2_typography-letter-spacing);\"><span class=\" fusion-imageframe imageframe-none imageframe-1 hover-type-none\" style=\"border-radius:10px;\"><img decoding=\"async\" width=\"155\" height=\"55\" title=\"logo-final-2\" src=\"data:image\/svg+xml,%3Csvg%20xmlns%3D%27http%3A%2F%2Fwww.w3.org%2F2000%2Fsvg%27%20width%3D%27155%27%20height%3D%2755%27%20viewBox%3D%270%200%20155%2055%27%3E%3Crect%20width%3D%27155%27%20height%3D%2755%27%20fill-opacity%3D%220%22%2F%3E%3C%2Fsvg%3E\" data-orig-src=\"https:\/\/webnova.logistik-re.net\/wp-content\/uploads\/2025\/03\/logo-final-2.jpg\" alt class=\"lazyload img-responsive wp-image-3078\"\/><\/span><\/div><div class=\"fusion-title title fusion-title-1 fusion-sep-none fusion-title-text fusion-title-size-one\" style=\"--awb-text-color:var(--awb-color1);--awb-margin-top:20px;--awb-margin-top-small:20px;\"><h1 class=\"fusion-title-heading title-heading-left\" style=\"margin:0;\">Distribuidors de marques de confian\u00e7a<\/h1><\/div><div class=\"fusion-text fusion-text-1\" style=\"--awb-text-color:var(--awb-color1);\"><p>A Logistik, no nom\u00e9s promovem la nostra marca pr\u00f2pia LGK, sin\u00f3 que tamb\u00e9 som distribu\u00efdors autoritzats de marques de gamma alta reconegudes a nivell nacional i internacional.<\/p>\n<\/div><\/div><\/div><\/div><\/div><div class=\"fusion-fullwidth fullwidth-box fusion-builder-row-2 fusion-flex-container has-pattern-background has-mask-background hundred-percent-fullwidth non-hundred-percent-height-scrolling\" style=\"--awb-border-radius-top-left:0px;--awb-border-radius-top-right:0px;--awb-border-radius-bottom-right:0px;--awb-border-radius-bottom-left:0px;--awb-padding-right:0px;--awb-padding-left:0px;--awb-flex-wrap:wrap;\" ><div class=\"fusion-builder-row fusion-row fusion-flex-align-items-flex-start fusion-flex-content-wrap\" style=\"width:104% !important;max-width:104% !important;margin-left: calc(-4% \/ 2 );margin-right: calc(-4% \/ 2 );\"><div class=\"fusion-layout-column fusion_builder_column fusion-builder-column-1 fusion_builder_column_1_1 1_1 fusion-flex-column\" style=\"--awb-bg-size:cover;--awb-width-large:100%;--awb-margin-top-large:-8%;--awb-spacing-right-large:1.92%;--awb-margin-bottom-large:0px;--awb-spacing-left-large:1.92%;--awb-width-medium:100%;--awb-order-medium:0;--awb-spacing-right-medium:1.92%;--awb-spacing-left-medium:1.92%;--awb-width-small:100%;--awb-order-small:0;--awb-spacing-right-small:1.92%;--awb-spacing-left-small:1.92%;\"><div class=\"fusion-column-wrapper fusion-column-has-shadow fusion-flex-justify-content-flex-start fusion-content-layout-column\"><div class=\"fusion-image-element \" style=\"--awb-caption-title-font-family:var(--h2_typography-font-family);--awb-caption-title-font-weight:var(--h2_typography-font-weight);--awb-caption-title-font-style:var(--h2_typography-font-style);--awb-caption-title-size:var(--h2_typography-font-size);--awb-caption-title-transform:var(--h2_typography-text-transform);--awb-caption-title-line-height:var(--h2_typography-line-height);--awb-caption-title-letter-spacing:var(--h2_typography-letter-spacing);\"><span class=\" fusion-imageframe imageframe-none imageframe-2 hover-type-none\"><img decoding=\"async\" width=\"2500\" height=\"216\" title=\"curva-gris\" src=\"https:\/\/logistik.com.es\/wp-content\/uploads\/2025\/05\/curva-gris.png\" data-orig-src=\"https:\/\/webnova.logistik-re.net\/wp-content\/uploads\/2025\/05\/curva-gris.png\" alt class=\"lazyload img-responsive wp-image-3334\" srcset=\"data:image\/svg+xml,%3Csvg%20xmlns%3D%27http%3A%2F%2Fwww.w3.org%2F2000%2Fsvg%27%20width%3D%272500%27%20height%3D%27216%27%20viewBox%3D%270%200%202500%20216%27%3E%3Crect%20width%3D%272500%27%20height%3D%27216%27%20fill-opacity%3D%220%22%2F%3E%3C%2Fsvg%3E\" data-srcset=\"https:\/\/logistik.com.es\/wp-content\/uploads\/2025\/05\/curva-gris-200x17.png 200w, https:\/\/logistik.com.es\/wp-content\/uploads\/2025\/05\/curva-gris-400x35.png 400w, https:\/\/logistik.com.es\/wp-content\/uploads\/2025\/05\/curva-gris-600x52.png 600w, https:\/\/logistik.com.es\/wp-content\/uploads\/2025\/05\/curva-gris-800x69.png 800w, https:\/\/logistik.com.es\/wp-content\/uploads\/2025\/05\/curva-gris-1200x104.png 1200w, https:\/\/logistik.com.es\/wp-content\/uploads\/2025\/05\/curva-gris.png 2500w\" data-sizes=\"auto\" data-orig-sizes=\"(max-width: 700px) 100vw, 1200px\" \/><\/span><\/div><\/div><\/div><\/div><\/div><div class=\"fusion-fullwidth fullwidth-box fusion-builder-row-3 fusion-flex-container has-pattern-background has-mask-background nonhundred-percent-fullwidth non-hundred-percent-height-scrolling\" style=\"--awb-border-radius-top-left:0px;--awb-border-radius-top-right:0px;--awb-border-radius-bottom-right:0px;--awb-border-radius-bottom-left:0px;--awb-background-color:var(--awb-custom_color_3);--awb-flex-wrap:wrap;\" ><div class=\"fusion-builder-row fusion-row fusion-flex-align-items-center fusion-flex-content-wrap\" style=\"max-width:1248px;margin-left: calc(-4% \/ 2 );margin-right: calc(-4% \/ 2 );\"><div class=\"fusion-layout-column fusion_builder_column fusion-builder-column-2 fusion_builder_column_1_5 1_5 fusion-flex-column\" style=\"--awb-bg-size:cover;--awb-transform:translateX(0px) translateY(0px);--awb-transform-hover:translateX(8px) translateY(-8px);--awb-width-large:20%;--awb-margin-top-large:0px;--awb-spacing-right-large:9.6%;--awb-margin-bottom-large:20px;--awb-spacing-left-large:9.6%;--awb-width-medium:20%;--awb-order-medium:0;--awb-spacing-right-medium:9.6%;--awb-spacing-left-medium:9.6%;--awb-width-small:100%;--awb-order-small:0;--awb-spacing-right-small:1.92%;--awb-spacing-left-small:1.92%;\"><div class=\"fusion-column-wrapper fusion-column-has-shadow fusion-flex-justify-content-flex-start fusion-content-layout-column\"><div class=\"fusion-image-element \" style=\"--awb-caption-title-font-family:var(--h2_typography-font-family);--awb-caption-title-font-weight:var(--h2_typography-font-weight);--awb-caption-title-font-style:var(--h2_typography-font-style);--awb-caption-title-size:var(--h2_typography-font-size);--awb-caption-title-transform:var(--h2_typography-text-transform);--awb-caption-title-line-height:var(--h2_typography-line-height);--awb-caption-title-letter-spacing:var(--h2_typography-letter-spacing);\"><span class=\" fusion-imageframe imageframe-none imageframe-3 hover-type-none fusion-animated\" data-animationType=\"flipinx\" data-animationDuration=\"0.6\" data-animationOffset=\"top-into-view\"><img decoding=\"async\" width=\"500\" height=\"500\" title=\"mahle\" src=\"https:\/\/logistik.com.es\/wp-content\/uploads\/2025\/03\/mahle.png\" data-orig-src=\"https:\/\/webnova.logistik-re.net\/wp-content\/uploads\/2025\/03\/mahle.png\" alt class=\"lazyload img-responsive wp-image-3105\" srcset=\"data:image\/svg+xml,%3Csvg%20xmlns%3D%27http%3A%2F%2Fwww.w3.org%2F2000%2Fsvg%27%20width%3D%27500%27%20height%3D%27500%27%20viewBox%3D%270%200%20500%20500%27%3E%3Crect%20width%3D%27500%27%20height%3D%27500%27%20fill-opacity%3D%220%22%2F%3E%3C%2Fsvg%3E\" data-srcset=\"https:\/\/logistik.com.es\/wp-content\/uploads\/2025\/03\/mahle-200x200.png 200w, https:\/\/logistik.com.es\/wp-content\/uploads\/2025\/03\/mahle-400x400.png 400w, https:\/\/logistik.com.es\/wp-content\/uploads\/2025\/03\/mahle.png 500w\" data-sizes=\"auto\" data-orig-sizes=\"(max-width: 700px) 100vw, 200px\" \/><\/span><\/div><\/div><\/div><div class=\"fusion-layout-column fusion_builder_column fusion-builder-column-3 fusion_builder_column_1_5 1_5 fusion-flex-column\" style=\"--awb-bg-size:cover;--awb-transform:translateX(0px) translateY(0px);--awb-transform-hover:translateX(8px) translateY(-8px);--awb-width-large:20%;--awb-margin-top-large:0px;--awb-spacing-right-large:9.6%;--awb-margin-bottom-large:20px;--awb-spacing-left-large:9.6%;--awb-width-medium:20%;--awb-order-medium:0;--awb-spacing-right-medium:9.6%;--awb-spacing-left-medium:9.6%;--awb-width-small:100%;--awb-order-small:0;--awb-spacing-right-small:1.92%;--awb-spacing-left-small:1.92%;\"><div class=\"fusion-column-wrapper fusion-column-has-shadow fusion-flex-justify-content-flex-start fusion-content-layout-column\"><div class=\"fusion-image-element \" style=\"--awb-caption-title-font-family:var(--h2_typography-font-family);--awb-caption-title-font-weight:var(--h2_typography-font-weight);--awb-caption-title-font-style:var(--h2_typography-font-style);--awb-caption-title-size:var(--h2_typography-font-size);--awb-caption-title-transform:var(--h2_typography-text-transform);--awb-caption-title-line-height:var(--h2_typography-line-height);--awb-caption-title-letter-spacing:var(--h2_typography-letter-spacing);\"><span class=\" fusion-imageframe imageframe-none imageframe-4 hover-type-none fusion-animated\" data-animationType=\"flipinx\" data-animationDuration=\"0.6\" data-animationOffset=\"top-into-view\"><img decoding=\"async\" width=\"1158\" height=\"387\" title=\"Logo_DENSO\" src=\"https:\/\/logistik.com.es\/wp-content\/uploads\/2025\/03\/Logo_DENSO.jpg\" data-orig-src=\"https:\/\/webnova.logistik-re.net\/wp-content\/uploads\/2025\/03\/Logo_DENSO.jpg\" alt class=\"lazyload img-responsive wp-image-3102\" srcset=\"data:image\/svg+xml,%3Csvg%20xmlns%3D%27http%3A%2F%2Fwww.w3.org%2F2000%2Fsvg%27%20width%3D%271158%27%20height%3D%27387%27%20viewBox%3D%270%200%201158%20387%27%3E%3Crect%20width%3D%271158%27%20height%3D%27387%27%20fill-opacity%3D%220%22%2F%3E%3C%2Fsvg%3E\" data-srcset=\"https:\/\/logistik.com.es\/wp-content\/uploads\/2025\/03\/Logo_DENSO-200x67.jpg 200w, https:\/\/logistik.com.es\/wp-content\/uploads\/2025\/03\/Logo_DENSO-400x134.jpg 400w, https:\/\/logistik.com.es\/wp-content\/uploads\/2025\/03\/Logo_DENSO-600x201.jpg 600w, https:\/\/logistik.com.es\/wp-content\/uploads\/2025\/03\/Logo_DENSO-800x267.jpg 800w, https:\/\/logistik.com.es\/wp-content\/uploads\/2025\/03\/Logo_DENSO.jpg 1158w\" data-sizes=\"auto\" data-orig-sizes=\"(max-width: 700px) 100vw, 200px\" \/><\/span><\/div><\/div><\/div><div class=\"fusion-layout-column fusion_builder_column fusion-builder-column-4 fusion_builder_column_1_5 1_5 fusion-flex-column\" style=\"--awb-bg-size:cover;--awb-transform:translateX(0px) translateY(0px);--awb-transform-hover:translateX(8px) translateY(-8px);--awb-width-large:20%;--awb-margin-top-large:0px;--awb-spacing-right-large:9.6%;--awb-margin-bottom-large:20px;--awb-spacing-left-large:9.6%;--awb-width-medium:20%;--awb-order-medium:0;--awb-spacing-right-medium:9.6%;--awb-spacing-left-medium:9.6%;--awb-width-small:100%;--awb-order-small:0;--awb-spacing-right-small:1.92%;--awb-spacing-left-small:1.92%;\"><div class=\"fusion-column-wrapper fusion-column-has-shadow fusion-flex-justify-content-flex-start fusion-content-layout-column\"><div class=\"fusion-image-element \" style=\"--awb-caption-title-font-family:var(--h2_typography-font-family);--awb-caption-title-font-weight:var(--h2_typography-font-weight);--awb-caption-title-font-style:var(--h2_typography-font-style);--awb-caption-title-size:var(--h2_typography-font-size);--awb-caption-title-transform:var(--h2_typography-text-transform);--awb-caption-title-line-height:var(--h2_typography-line-height);--awb-caption-title-letter-spacing:var(--h2_typography-letter-spacing);\"><span class=\" fusion-imageframe imageframe-none imageframe-5 hover-type-none fusion-animated\" data-animationType=\"flipinx\" data-animationDuration=\"0.6\" data-animationOffset=\"top-into-view\"><img decoding=\"async\" width=\"1024\" height=\"1024\" title=\"mitsubishi-motors-logo\" src=\"https:\/\/logistik.com.es\/wp-content\/uploads\/2025\/03\/mitsubishi-motors-logo.png\" data-orig-src=\"https:\/\/webnova.logistik-re.net\/wp-content\/uploads\/2025\/03\/mitsubishi-motors-logo.png\" alt class=\"lazyload img-responsive wp-image-3108\" srcset=\"data:image\/svg+xml,%3Csvg%20xmlns%3D%27http%3A%2F%2Fwww.w3.org%2F2000%2Fsvg%27%20width%3D%271024%27%20height%3D%271024%27%20viewBox%3D%270%200%201024%201024%27%3E%3Crect%20width%3D%271024%27%20height%3D%271024%27%20fill-opacity%3D%220%22%2F%3E%3C%2Fsvg%3E\" data-srcset=\"https:\/\/logistik.com.es\/wp-content\/uploads\/2025\/03\/mitsubishi-motors-logo-200x200.png 200w, https:\/\/logistik.com.es\/wp-content\/uploads\/2025\/03\/mitsubishi-motors-logo-400x400.png 400w, https:\/\/logistik.com.es\/wp-content\/uploads\/2025\/03\/mitsubishi-motors-logo-600x600.png 600w, https:\/\/logistik.com.es\/wp-content\/uploads\/2025\/03\/mitsubishi-motors-logo-800x800.png 800w, https:\/\/logistik.com.es\/wp-content\/uploads\/2025\/03\/mitsubishi-motors-logo.png 1024w\" data-sizes=\"auto\" data-orig-sizes=\"(max-width: 700px) 100vw, 200px\" \/><\/span><\/div><\/div><\/div><div class=\"fusion-layout-column fusion_builder_column fusion-builder-column-5 fusion_builder_column_1_5 1_5 fusion-flex-column\" style=\"--awb-bg-size:cover;--awb-transform:translateX(0px) translateY(0px);--awb-transform-hover:translateX(8px) translateY(-8px);--awb-width-large:20%;--awb-margin-top-large:0px;--awb-spacing-right-large:9.6%;--awb-margin-bottom-large:20px;--awb-spacing-left-large:9.6%;--awb-width-medium:20%;--awb-order-medium:0;--awb-spacing-right-medium:9.6%;--awb-spacing-left-medium:9.6%;--awb-width-small:100%;--awb-order-small:0;--awb-spacing-right-small:1.92%;--awb-spacing-left-small:1.92%;\"><div class=\"fusion-column-wrapper fusion-column-has-shadow fusion-flex-justify-content-flex-start fusion-content-layout-column\"><div class=\"fusion-image-element \" style=\"--awb-caption-title-font-family:var(--h2_typography-font-family);--awb-caption-title-font-weight:var(--h2_typography-font-weight);--awb-caption-title-font-style:var(--h2_typography-font-style);--awb-caption-title-size:var(--h2_typography-font-size);--awb-caption-title-transform:var(--h2_typography-text-transform);--awb-caption-title-line-height:var(--h2_typography-line-height);--awb-caption-title-letter-spacing:var(--h2_typography-letter-spacing);\"><span class=\" fusion-imageframe imageframe-none imageframe-6 hover-type-none fusion-animated\" data-animationType=\"flipinx\" data-animationDuration=\"0.6\" data-animationOffset=\"top-into-view\"><img decoding=\"async\" width=\"1024\" height=\"1024\" title=\"preco_logo\" src=\"https:\/\/logistik.com.es\/wp-content\/uploads\/2025\/03\/preco_logo.png\" data-orig-src=\"https:\/\/webnova.logistik-re.net\/wp-content\/uploads\/2025\/03\/preco_logo.png\" alt class=\"lazyload img-responsive wp-image-3099\" srcset=\"data:image\/svg+xml,%3Csvg%20xmlns%3D%27http%3A%2F%2Fwww.w3.org%2F2000%2Fsvg%27%20width%3D%271024%27%20height%3D%271024%27%20viewBox%3D%270%200%201024%201024%27%3E%3Crect%20width%3D%271024%27%20height%3D%271024%27%20fill-opacity%3D%220%22%2F%3E%3C%2Fsvg%3E\" data-srcset=\"https:\/\/logistik.com.es\/wp-content\/uploads\/2025\/03\/preco_logo-200x200.png 200w, https:\/\/logistik.com.es\/wp-content\/uploads\/2025\/03\/preco_logo-400x400.png 400w, https:\/\/logistik.com.es\/wp-content\/uploads\/2025\/03\/preco_logo-600x600.png 600w, https:\/\/logistik.com.es\/wp-content\/uploads\/2025\/03\/preco_logo-800x800.png 800w, https:\/\/logistik.com.es\/wp-content\/uploads\/2025\/03\/preco_logo.png 1024w\" data-sizes=\"auto\" data-orig-sizes=\"(max-width: 700px) 100vw, 200px\" \/><\/span><\/div><\/div><\/div><div class=\"fusion-layout-column fusion_builder_column fusion-builder-column-6 fusion_builder_column_1_5 1_5 fusion-flex-column\" style=\"--awb-bg-size:cover;--awb-transform:translateX(0px) translateY(0px);--awb-transform-hover:translateX(8px) translateY(-8px);--awb-width-large:20%;--awb-margin-top-large:0px;--awb-spacing-right-large:9.6%;--awb-margin-bottom-large:20px;--awb-spacing-left-large:9.6%;--awb-width-medium:20%;--awb-order-medium:0;--awb-spacing-right-medium:9.6%;--awb-spacing-left-medium:9.6%;--awb-width-small:100%;--awb-order-small:0;--awb-spacing-right-small:1.92%;--awb-spacing-left-small:1.92%;\"><div class=\"fusion-column-wrapper fusion-column-has-shadow fusion-flex-justify-content-flex-start fusion-content-layout-column\"><div class=\"fusion-image-element \" style=\"--awb-caption-title-font-family:var(--h2_typography-font-family);--awb-caption-title-font-weight:var(--h2_typography-font-weight);--awb-caption-title-font-style:var(--h2_typography-font-style);--awb-caption-title-size:var(--h2_typography-font-size);--awb-caption-title-transform:var(--h2_typography-text-transform);--awb-caption-title-line-height:var(--h2_typography-line-height);--awb-caption-title-letter-spacing:var(--h2_typography-letter-spacing);\"><span class=\" fusion-imageframe imageframe-none imageframe-7 hover-type-none fusion-animated\" data-animationType=\"flipinx\" data-animationDuration=\"0.6\" data-animationOffset=\"top-into-view\"><img decoding=\"async\" width=\"3968\" height=\"3968\" title=\"logo_s\" src=\"https:\/\/logistik.com.es\/wp-content\/uploads\/2025\/03\/logo_s.png\" data-orig-src=\"https:\/\/webnova.logistik-re.net\/wp-content\/uploads\/2025\/03\/logo_s.png\" alt class=\"lazyload img-responsive wp-image-3111\" srcset=\"data:image\/svg+xml,%3Csvg%20xmlns%3D%27http%3A%2F%2Fwww.w3.org%2F2000%2Fsvg%27%20width%3D%273968%27%20height%3D%273968%27%20viewBox%3D%270%200%203968%203968%27%3E%3Crect%20width%3D%273968%27%20height%3D%273968%27%20fill-opacity%3D%220%22%2F%3E%3C%2Fsvg%3E\" data-srcset=\"https:\/\/logistik.com.es\/wp-content\/uploads\/2025\/03\/logo_s-200x200.png 200w, https:\/\/logistik.com.es\/wp-content\/uploads\/2025\/03\/logo_s-400x400.png 400w, https:\/\/logistik.com.es\/wp-content\/uploads\/2025\/03\/logo_s-600x600.png 600w, https:\/\/logistik.com.es\/wp-content\/uploads\/2025\/03\/logo_s-800x800.png 800w, https:\/\/logistik.com.es\/wp-content\/uploads\/2025\/03\/logo_s-1200x1200.png 1200w, https:\/\/logistik.com.es\/wp-content\/uploads\/2025\/03\/logo_s.png 3968w\" data-sizes=\"auto\" data-orig-sizes=\"(max-width: 700px) 100vw, 200px\" \/><\/span><\/div><\/div><\/div><\/div><\/div><\/p>\n","protected":false},"excerpt":{"rendered":"","protected":false},"author":1,"featured_media":0,"parent":0,"menu_order":0,"comment_status":"closed","ping_status":"closed","template":"100-width.php","meta":{"footnotes":""},"class_list":["post-3152","page","type-page","status-publish","hentry"],"yoast_head":"<!-- This site is optimized with the Yoast SEO plugin v24.5 - https:\/\/yoast.com\/wordpress\/plugins\/seo\/ -->\n<title>Marques - Logistik-re<\/title>\n<meta name=\"robots\" content=\"index, follow, max-snippet:-1, max-image-preview:large, max-video-preview:-1\" \/>\n<link rel=\"canonical\" href=\"https:\/\/logistik.com.es\/ca\/marques\/\" \/>\n<meta property=\"og:locale\" content=\"ca_ES\" \/>\n<meta property=\"og:type\" content=\"article\" \/>\n<meta property=\"og:title\" content=\"Marques - Logistik-re\" \/>\n<meta property=\"og:url\" content=\"https:\/\/logistik.com.es\/ca\/marques\/\" \/>\n<meta property=\"og:site_name\" content=\"Logistik-re\" \/>\n<meta property=\"article:modified_time\" content=\"2025-05-23T10:02:29+00:00\" \/>\n<meta name=\"twitter:card\" content=\"summary_large_image\" \/>\n<meta name=\"twitter:label1\" content=\"Temps estimat de lectura\" \/>\n\t<meta name=\"twitter:data1\" content=\"2 minuts\" \/>\n<script type=\"application\/ld+json\" class=\"yoast-schema-graph\">{\"@context\":\"https:\/\/schema.org\",\"@graph\":[{\"@type\":\"WebPage\",\"@id\":\"https:\/\/logistik.com.es\/ca\/marques\/\",\"url\":\"https:\/\/logistik.com.es\/ca\/marques\/\",\"name\":\"Marques - Logistik-re\",\"isPartOf\":{\"@id\":\"https:\/\/logistik.com.es\/#website\"},\"datePublished\":\"2025-03-26T09:10:33+00:00\",\"dateModified\":\"2025-05-23T10:02:29+00:00\",\"breadcrumb\":{\"@id\":\"https:\/\/logistik.com.es\/ca\/marques\/#breadcrumb\"},\"inLanguage\":\"ca\",\"potentialAction\":[{\"@type\":\"ReadAction\",\"target\":[\"https:\/\/logistik.com.es\/ca\/marques\/\"]}]},{\"@type\":\"BreadcrumbList\",\"@id\":\"https:\/\/logistik.com.es\/ca\/marques\/#breadcrumb\",\"itemListElement\":[{\"@type\":\"ListItem\",\"position\":1,\"name\":\"Portada\",\"item\":\"https:\/\/logistik.com.es\/ca\/\"},{\"@type\":\"ListItem\",\"position\":2,\"name\":\"Marques\"}]},{\"@type\":\"WebSite\",\"@id\":\"https:\/\/logistik.com.es\/#website\",\"url\":\"https:\/\/logistik.com.es\/\",\"name\":\"Logistik-re\",\"description\":\"\",\"potentialAction\":[{\"@type\":\"SearchAction\",\"target\":{\"@type\":\"EntryPoint\",\"urlTemplate\":\"https:\/\/logistik.com.es\/?s={search_term_string}\"},\"query-input\":{\"@type\":\"PropertyValueSpecification\",\"valueRequired\":true,\"valueName\":\"search_term_string\"}}],\"inLanguage\":\"ca\"}]}<\/script>\n<!-- \/ Yoast SEO plugin. -->","yoast_head_json":{"title":"Marques - Logistik-re","robots":{"index":"index","follow":"follow","max-snippet":"max-snippet:-1","max-image-preview":"max-image-preview:large","max-video-preview":"max-video-preview:-1"},"canonical":"https:\/\/logistik.com.es\/ca\/marques\/","og_locale":"ca_ES","og_type":"article","og_title":"Marques - Logistik-re","og_url":"https:\/\/logistik.com.es\/ca\/marques\/","og_site_name":"Logistik-re","article_modified_time":"2025-05-23T10:02:29+00:00","twitter_card":"summary_large_image","twitter_misc":{"Temps estimat de lectura":"2 minuts"},"schema":{"@context":"https:\/\/schema.org","@graph":[{"@type":"WebPage","@id":"https:\/\/logistik.com.es\/ca\/marques\/","url":"https:\/\/logistik.com.es\/ca\/marques\/","name":"Marques - Logistik-re","isPartOf":{"@id":"https:\/\/logistik.com.es\/#website"},"datePublished":"2025-03-26T09:10:33+00:00","dateModified":"2025-05-23T10:02:29+00:00","breadcrumb":{"@id":"https:\/\/logistik.com.es\/ca\/marques\/#breadcrumb"},"inLanguage":"ca","potentialAction":[{"@type":"ReadAction","target":["https:\/\/logistik.com.es\/ca\/marques\/"]}]},{"@type":"BreadcrumbList","@id":"https:\/\/logistik.com.es\/ca\/marques\/#breadcrumb","itemListElement":[{"@type":"ListItem","position":1,"name":"Portada","item":"https:\/\/logistik.com.es\/ca\/"},{"@type":"ListItem","position":2,"name":"Marques"}]},{"@type":"WebSite","@id":"https:\/\/logistik.com.es\/#website","url":"https:\/\/logistik.com.es\/","name":"Logistik-re","description":"","potentialAction":[{"@type":"SearchAction","target":{"@type":"EntryPoint","urlTemplate":"https:\/\/logistik.com.es\/?s={search_term_string}"},"query-input":{"@type":"PropertyValueSpecification","valueRequired":true,"valueName":"search_term_string"}}],"inLanguage":"ca"}]}},"jetpack_sharing_enabled":true,"_links":{"self":[{"href":"https:\/\/logistik.com.es\/ca\/wp-json\/wp\/v2\/pages\/3152","targetHints":{"allow":["GET"]}}],"collection":[{"href":"https:\/\/logistik.com.es\/ca\/wp-json\/wp\/v2\/pages"}],"about":[{"href":"https:\/\/logistik.com.es\/ca\/wp-json\/wp\/v2\/types\/page"}],"author":[{"embeddable":true,"href":"https:\/\/logistik.com.es\/ca\/wp-json\/wp\/v2\/users\/1"}],"replies":[{"embeddable":true,"href":"https:\/\/logistik.com.es\/ca\/wp-json\/wp\/v2\/comments?post=3152"}],"version-history":[{"count":5,"href":"https:\/\/logistik.com.es\/ca\/wp-json\/wp\/v2\/pages\/3152\/revisions"}],"predecessor-version":[{"id":3388,"href":"https:\/\/logistik.com.es\/ca\/wp-json\/wp\/v2\/pages\/3152\/revisions\/3388"}],"wp:attachment":[{"href":"https:\/\/logistik.com.es\/ca\/wp-json\/wp\/v2\/media?parent=3152"}],"curies":[{"name":"wp","href":"https:\/\/api.w.org\/{rel}","templated":true}]}}